{"id":38,"date":"2022-05-04T01:28:32","date_gmt":"2022-05-03T23:28:32","guid":{"rendered":"https:\/\/kgv-rugierstrasse.info\/?page_id=38"},"modified":"2022-05-04T01:28:32","modified_gmt":"2022-05-03T23:28:32","slug":"vereinsregeln","status":"publish","type":"page","link":"http:\/\/www.kgv-rugierstrasse.info\/?page_id=38","title":{"rendered":"Vereinsregeln"},"content":{"rendered":"<h2>Ruhezeiten<\/h2>\n<p>Die Ruhezeiten sind\u00a0wie folgt einzuhalten:<br \/>\n<strong>Samstag, Sonn- und Feiertag zwischen 13:00 und 15:00<\/strong><\/p>\n<p>Die t\u00e4glichen Nachtruhezeiten gelten das ganze Jahr von 22:00 bis 06:00. Selbstverst\u00e4ndliche sind diese Ruhezeiten auch auf dem vereinseigenen M\u00fcllplatz einzuhalten.<\/p>\n<p>Gem\u00e4\u00df der Verordnung der Gemeinde Wien ist die Inbetriebnahme von Ger\u00e4ten mit Verbrennungsmotoren an Samstagen ab 12 Uhr und Sonn- und Feiertagen generell verboten.<\/p>\n<h2>M\u00fcllentsorgung<\/h2>\n<p>Biotonne\u00a0 \u00a0 \u00a0Montags und Donnerstags<br \/>\nRestm\u00fcll\u00a0 \u00a0 \u00a0Dienstags und Freitags<br \/>\nAltpapier\u00a0 \u00a0 Mittwochs<\/p>\n<p>Die Container f\u00fcr Metall und Kunststoff befinden sich auf der gegen\u00fcberliegenden Stra\u00dfenseite bei Weg 1. Bitte achten Sie auf eine korrekte M\u00fclltrennung und stellen Sie keinen M\u00fcll neben die Container. Der M\u00fcllplatz ist sauber zu halten.<\/p>\n<h2>Tore zum Vereinsgel\u00e4nde<\/h2>\n<p>Die Tore sind tags\u00fcber immer zu schlie\u00dfen und bei Einbruch der Dunkelheit aus Sicherheitsgr\u00fcnden zu versperren.<\/p>\n","protected":false},"excerpt":{"rendered":"<p>Ruhezeiten Die Ruhezeiten sind\u00a0wie folgt einzuhalten: Samstag, Sonn- und Feiertag zwischen 13:00 und 15:00 Die t\u00e4glichen Nachtruhezeiten gelten das ganze Jahr von 22:00 bis 06:00. Selbstverst\u00e4ndliche sind diese Ruhezeiten auch auf dem vereinseigenen M\u00fcllplatz einzuhalten. Gem\u00e4\u00df der Verordnung der Gemeinde Wien ist die Inbetriebnahme von Ger\u00e4ten mit Verbrennungsmotoren an Samstagen ab 12 Uhr und Sonn- &hellip; <a href=\"http:\/\/www.kgv-rugierstrasse.info\/?page_id=38\" class=\"more-link\"><span class=\"screen-reader-text\">Vereinsregeln<\/span> weiterlesen<\/a><\/p>\n","protected":false},"author":1,"featured_media":0,"parent":0,"menu_order":0,"comment_status":"closed","ping_status":"closed","template":"","meta":{"footnotes":""},"class_list":["post-38","page","type-page","status-publish","hentry"],"_links":{"self":[{"href":"http:\/\/www.kgv-rugierstrasse.info\/index.php?rest_route=\/wp\/v2\/pages\/38","targetHints":{"allow":["GET"]}}],"collection":[{"href":"http:\/\/www.kgv-rugierstrasse.info\/index.php?rest_route=\/wp\/v2\/pages"}],"about":[{"href":"http:\/\/www.kgv-rugierstrasse.info\/index.php?rest_route=\/wp\/v2\/types\/page"}],"author":[{"embeddable":true,"href":"http:\/\/www.kgv-rugierstrasse.info\/index.php?rest_route=\/wp\/v2\/users\/1"}],"replies":[{"embeddable":true,"href":"http:\/\/www.kgv-rugierstrasse.info\/index.php?rest_route=%2Fwp%2Fv2%2Fcomments&post=38"}],"version-history":[{"count":0,"href":"http:\/\/www.kgv-rugierstrasse.info\/index.php?rest_route=\/wp\/v2\/pages\/38\/revisions"}],"wp:attachment":[{"href":"http:\/\/www.kgv-rugierstrasse.info\/index.php?rest_route=%2Fwp%2Fv2%2Fmedia&parent=38"}],"curies":[{"name":"wp","href":"https:\/\/api.w.org\/{rel}","templated":true}]}}